{"id":3,"date":"2020-03-20T16:44:45","date_gmt":"2020-03-20T16:44:45","guid":{"rendered":"https:\/\/manualita.sardegna.it\/ita\/?page_id=3"},"modified":"2022-07-09T09:41:23","modified_gmt":"2022-07-09T09:41:23","slug":"privacy-policy","status":"publish","type":"page","link":"https:\/\/manualita.sardegna.it\/ita\/privacy-policy\/","title":{"rendered":"Privacy Policy"},"content":{"rendered":"\r\n<p style=\"text-align: justify;\">PRIVACY POLICY E COOKIE POLICY<br \/>La presente policy descrive le procedure seguite da<\/p>\r\n<p style=\"text-align: justify;\">Fabio Podda (di seguito il \u201cTitolare\u201d) in relazione al trattamento dei dati personali raccolti attraverso il sito\u00a0https:\/\/www.manualita.sardegna.it\u00a0(di seguito il \u201cSito\u201d).<\/p>\r\n<p style=\"text-align: justify;\">Laddove non diversamente specificato, la presente policy vale anche quale informativa \u2013 ai sensi dell\u2019art. 13 del d.lgs. n. 196\/2003 (di seguito il \u201cCodice\u201d) e dell\u2019art. 13 del Regolamento (UE) n. 2016\/679 (di seguito il \u201cGDPR\u201d) \u2013 resa a coloro che interagiscono con il Sito (di seguito l\u2019\u201cUtente\u201d).<br \/>Informative sul trattamento dei dati personali dettagliate sono riportate, ove necessario, nelle pagine relative ai singoli servizi offerti attraverso il Sito. Tali informative sono dirette a definire limiti e modalit\u00e0 del trattamento dei dati personali di ciascun servizio, in base alle quali l\u2019utente potr\u00e0 esprimere liberamente il proprio consenso, ove necessario, e autorizzare eventualmente la raccolta dei dati e il loro successivo trattamento.<br \/>Titolare del trattamento. Responsabili del trattamento.<br \/>Il Titolare del trattamento \u00e8 Fabio Podda, con sede legale in<\/p>\r\n<div style=\"text-align: justify;\">Via P. Borrotzu, 32 -Nuoro<\/div>\r\n<div style=\"text-align: justify;\">Mob:\u00a0 \u00a0<a href=\"tel:393891109635\">+393891109635<\/a><\/div>\r\n<div style=\"text-align: justify;\">Email:\u00a0<a href=\"mailto:manualitanuoro@gmail.com\">manualitanuoro@gmail.com<\/a><\/div>\r\n<p style=\"text-align: justify;\">L\u2019elenco aggiornato degli eventuali responsabili del trattamento \u00e8 disponibile presso la sede del Titolare.<\/p>\r\n<p style=\"text-align: justify;\">Responsabile della protezione dei dati.<br \/>Il responsabile della protezione dei dati, designato dal Titolare, pu\u00f2 essere contattato tramite:<br \/>&#8211; posta ordinaria, all\u2019indirizzo [indirizzo di posta ordinaria, c.a. del Responsabile della Protezione dei Dati;<br \/>&#8211; telefono, al numero \u00a0 \u00a0<a href=\"tel:393891109635\">+393891109635<\/a><br \/>&#8211; e-mail, all\u2019indirizzo <a href=\"mailto:manualitanuoro@gmail.com\">manualitanuoro@gmail.com<\/a><\/p>\r\n<p style=\"text-align: justify;\">Tipologie di dati trattati.<br \/>Attraverso il Sito potranno essere raccolti e trattati:<br \/>&#8211; dati di navigazione;<br \/>&#8211; dati personali forniti volontariamente dall\u2019utente nei form presenti all\u2019interno del Sito.<\/p>\r\n<p style=\"text-align: justify;\">Cookie.<br \/>I cookie sono piccoli file di testo che i siti visitati inviano al terminale dell&#8217;utente, dove vengono memorizzati, per poi essere ritrasmessi agli stessi siti alla visita successiva.<br \/>Il Sito utilizza cookie tecnici, sia propri che di terze parti. Tali cookie, essendo di natura tecnica, non richiedono il preventivo consenso dell\u2019Utente per essere installati ed utilizzati.<br \/>In particolare, i cookie utilizzati nel Sito sono riconducibili alle seguenti sottocategorie:<br \/>&#8211; cookie di navigazione o di sessione, che garantiscono la normale navigazione e fruizione dei Siti Web. Non essendo memorizzati sul computer dell\u2019utente, svaniscono con la chiusura del browser;<br \/>&#8211; cookie analitici, con cui sono raccolte e analizzate informazioni statistiche sul numero degli utenti e sulle visite ai Siti Web;<br \/>&#8211; social widgets e plugin: alcuni widgets e plugin messi a disposizione dai social network possono utilizzare propri cookies per facilitare l\u2019interazione con il sito di riferimento.<\/p>\r\n<p style=\"text-align: justify;\">Non viene fatto uso di cookie per la profilazione degli utenti<br \/>Viene invece fatto uso di cookie di sessione (non persistenti) in modo strettamente limitato a quanto necessario per la navigazione sicura ed efficiente dei siti. La memorizzazione dei cookie di sessione nei terminali o nei browser \u00e8 sotto il controllo dell\u2019utente, laddove sui server, al termine delle sessioni HTTP, informazioni relative ai cookie restano registrate nei log dei servizi, con tempi di conservazione comunque non superiori ai sette giorni al pari degli altri dati di navigazione. Il nostro \u00e8 <a href=\"http:\/\/Plausible.io\">Plausible.io<\/a><\/p>\r\n<p style=\"text-align: justify;\">I cookie possono essere disabilitati dall\u2019utente modificando le impostazioni del browser sulla base delle<br \/>istruzioni rese disponibili dai relativi fornitori ai link elencati di seguito.<br \/>&#8211; Internet Explorer: http:\/\/windows.microsoft.com\/it-IT\/internet-explorer\/delete-manage-cookies#ie=ie-11<br \/>&#8211; Mozilla Firefox: https:\/\/support.mozilla.org\/it\/kb\/Attivare%20e%20disattivare%20i%20cookie<br \/>&#8211; Google Chrome: https:\/\/support.google.com\/chrome\/answer\/95647-hl=it<br \/>&#8211; Apple Safari: https:\/\/support.apple.com\/it-it\/HT201265<br \/>&#8211; Opera: http:\/\/www.opera.com\/help\/tutorials\/security\/cookies\/<\/p>\r\n<p style=\"text-align: justify;\">Finalit\u00e0 e base giuridica del trattamento.<br \/>I dati personali raccolti attraverso il Sito saranno trattati per la gestione delle richieste di informazioni o di documenti inoltrate dall\u2019Utente.<br \/>Il trattamento dei dati personali per la finalit\u00e0 di cui sopra non richiede il consenso dell\u2019Utente in quanto il trattamento \u00e8 necessario per adempiere a specifiche richieste dell&#8217;interessato ai sensi dell\u2019art. 24, c. 1, lett.<br \/>b) del Codice e dell\u2019art. 6, c. 1, lett. b) del GDPR.<br \/>Conferimento dei dati e conseguenze in caso di mancato conferimento.<br \/>Il conferimento dei dati personali per la finalit\u00e0 di cui sopra \u00e8 facoltativo e il loro mancato conferimento comporter\u00e0, come unica conseguenza, l\u2019impossibilit\u00e0 per il Titolare di gestire ed evadere le richieste dell\u2019interessato.<\/p>\r\n<p style=\"text-align: justify;\">Modalit\u00e0 del trattamento. I dati personali saranno trattati con strumenti elettronici, anche mediante inserimento e organizzazione in banche dati, in conformit\u00e0 a quanto disposto dal Codice e dal GDPR in materia di misure di sicurezza.<br \/>Destinatari o categorie di destinatari.<br \/>I dati personali potranno essere resi accessibili, portati a conoscenza di o comunicati ai seguenti soggetti, i quali saranno nominati da, a seconda dei casi, quali responsabili o incaricati:<br \/>&#8211; societ\u00e0 del gruppo di cui fa parte il Titolare (controllanti, controllate, collegate), dipendenti e\/o collaboratori a qualsivoglia titolo del Titolare ;<br \/>&#8211; soggetti pubblici o privati, persone fisiche o giuridiche, di cui il Titolare si avvalga per lo svolgimento delle attivit\u00e0 strumentali al raggiungimento della finalit\u00e0 di cui sopra o a cui il Titolare sia tenuta a comunicare i dati personali, in forza di obblighi legali o contrattuali.<br \/>In ogni caso, i dati personali non saranno diffusi.<\/p>\r\n<p style=\"text-align: justify;\">Periodo di conservazione.<br \/>I dati personali saranno conservati per 1 anno dalla loro registrazione.<br \/>Diritti di accesso, cancellazione, limitazione e portabilit\u00e0.<br \/>Agli interessati sono riconosciuti i diritti di cui agli artt. 7 del Codice e da 15 a 20 del GDPR. A titolo esemplificativo, ciascun interessato potr\u00e0:<br \/>a) ottenere la conferma che sia o meno in corso un trattamento di dati personali che lo riguardano;<br \/>b) qualora un trattamento sia in corso, ottenere l\u2019accesso ai dati personali e alle informazioni relative al trattamento nonch\u00e9 richiedere una copia dei dati personali;<br \/>c) ottenere la rettifica dei dati personali inesatti e l\u2019integrazione dei dati personali incompleti;<br \/>d) ottenere, qualora sussista una delle condizioni previste dall\u2019art. 17 del GDPR, la cancellazione dei dati personali che lo riguardano;<br \/>e) ottenere, nei casi previsti dall\u2019art. 18 del GDPR, la limitazione del trattamento;<br \/>f) ricevere i dati personali che lo riguardano in un formato strutturato, di uso comune e leggibile da dispositivo automatico e richiedere la loro trasmissione ad un altro titolare, se tecnicamente fattibile.<\/p>\r\n<p style=\"text-align: justify;\">Diritto di opposizione.<br \/>Ciascun interessato ha il diritto di opporsi in qualsiasi momento al trattamento dei suoi dati personali effettuato per il perseguimento di un legittimo interesse del Titolare. In caso di opposizione, i suoi dati personali non saranno pi\u00f9 oggetto di trattamento, sempre che non sussistano motivi legittimi per procedere al trattamento che prevalgono sugli interessi, sui diritti e sulle libert\u00e0 dell\u2019interessato oppure per l\u2019accertamento, l\u2019esercizio o la difesa di un diritto in sede giudiziaria.<\/p>\r\n<p style=\"text-align: justify;\">Diritto di proporre reclamo al Garante.<br \/>Inoltre ciascun interessato potr\u00e0 proporre reclamo al Garante per la Protezione dei Dati Personali nel caso in cui ritenga che siano stati violati i diritti di cui \u00e8 titolare ai sensi del Codice e del GDPR, secondo le modalit\u00e0<br \/>indicate sul sito internet del Garante accessibile all\u2019indirizzo: www.garanteprivacy.it.<br \/>Aggiornamenti. La presente Privacy Policy sar\u00e0 soggetta ad aggiornamenti. Il Titolare invita, pertanto, gli Utenti che intendano conoscere le modalit\u00e0 di trattamento dei dati personali raccolti attraverso i Siti Web a visitare periodicamente questa pagina.<\/p>\r\n","protected":false},"excerpt":{"rendered":"<p>PRIVACY POLICY E COOKIE POLICYLa presente policy descrive le procedure seguite da Fabio Podda (di seguito il \u201cTitolare\u201d) in relazione al trattamento dei dati personali raccolti attraverso il sito\u00a0https:\/\/www.manualita.sardegna.it\u00a0(di seguito il \u201cSito\u201d). Laddove non diversamente specificato, la presente policy vale anche quale informativa \u2013 ai sensi dell\u2019art. 13 del d.lgs. n. 196\/2003 (di seguito il&hellip;<\/p>\n","protected":false},"author":1,"featured_media":0,"parent":0,"menu_order":0,"comment_status":"closed","ping_status":"open","template":"","meta":{"footnotes":""},"class_list":["post-3","page","type-page","status-publish","hentry","entry","no-media"],"jetpack_sharing_enabled":true,"_links":{"self":[{"href":"https:\/\/manualita.sardegna.it\/ita\/wp-json\/wp\/v2\/pages\/3","targetHints":{"allow":["GET"]}}],"collection":[{"href":"https:\/\/manualita.sardegna.it\/ita\/wp-json\/wp\/v2\/pages"}],"about":[{"href":"https:\/\/manualita.sardegna.it\/ita\/wp-json\/wp\/v2\/types\/page"}],"author":[{"embeddable":true,"href":"https:\/\/manualita.sardegna.it\/ita\/wp-json\/wp\/v2\/users\/1"}],"replies":[{"embeddable":true,"href":"https:\/\/manualita.sardegna.it\/ita\/wp-json\/wp\/v2\/comments?post=3"}],"version-history":[{"count":2,"href":"https:\/\/manualita.sardegna.it\/ita\/wp-json\/wp\/v2\/pages\/3\/revisions"}],"predecessor-version":[{"id":1003,"href":"https:\/\/manualita.sardegna.it\/ita\/wp-json\/wp\/v2\/pages\/3\/revisions\/1003"}],"wp:attachment":[{"href":"https:\/\/manualita.sardegna.it\/ita\/wp-json\/wp\/v2\/media?parent=3"}],"curies":[{"name":"wp","href":"https:\/\/api.w.org\/{rel}","templated":true}]}}