{"id":231,"date":"2020-03-24T14:02:15","date_gmt":"2020-03-24T14:02:15","guid":{"rendered":"https:\/\/manualita.sardegna.it\/ita\/?page_id=231"},"modified":"2020-03-25T18:13:57","modified_gmt":"2020-03-25T18:13:57","slug":"termini-e-condizioni-di-acquisto","status":"publish","type":"page","link":"https:\/\/manualita.sardegna.it\/ita\/termini-e-condizioni-di-acquisto\/","title":{"rendered":"Termini e Condizioni di Acquisto"},"content":{"rendered":"<section class=\"wpb-content-wrapper\">[vc_row][vc_column][vc_column_text]\n<p style=\"text-align: justify;\"><span style=\"font-family: 'Open Sans'; font-size: 16px;\"><span style=\"color: #484848;\">Ai sensi dell\u2019art. 52 del Codice del Consumo, l\u2019Acquirente consumatore ha il diritto di recedere dal contratto concluso a distanza ovvero negoziato fuori dai locali commerciali, senza alcuna penalit\u00e0 e senza specificarne il motivo, entro il termine di 14 giorni lavorativi dal giorno della consegna.<br \/>\n<\/span><span style=\"color: #484848;\">Per altro, ai sensi dell\u2019art. 59 del Codice del Consumo, l\u2019Acquirente consumatore non potr\u00e0 esercitare il diritto di recesso in relazione a forniture di beni confezionati su misura o chiaramente personalizzati.<\/span><\/span><br \/>\n<span style=\"color: #484848; font-family: 'Open Sans'; font-size: 16px;\">Il diritto di recesso non potr\u00e0 inoltre essere esercitato, sempre ai sensi dell\u2019art. 59 del Codice del Consumo, anche sui beni sigillati che non si prestano ad essere restituiti per motivi igienici o connessi alla protezione della salute e sono stati aperti dopo la consegna (quali, a mero titolo di esempio, materassi, guanciali, biancheria, ecc..).<br \/>\n<\/span><br \/>\n<span style=\"color: #484848; font-family: 'Open Sans'; font-size: 16px;\">Per maggiori informazioni riguardo ai prodotti del catalogo online che godono del diritto di recesso \u00e8 possibile contattarci. telefonicamente o tramite mail.<br \/>\n<\/span><br \/>\n<span style=\"color: #484848; font-family: 'Open Sans'; font-size: 16px;\">L\u2019Acquirente consumatore comunica la propria decisione di esercitare il diritto di recesso dal contratto mediante l&#8217;invio, entro il termine sopra indicato, di una comunicazione scritta (lettera raccomandata, fax, posta elettronica) Manualit\u00e0 di Fabio Podda. L\u2019Acquirente consumatore \u00e8 tenuto a restituire il bene a propria cura e spese alla sede di F.B.S. senza indebito ritardo e in ogni caso entro 14 giorni dall&#8217;esercizio del diritto di recesso ed \u00e8 responsabile dello stato di integrit\u00e0 del bene stesso nell\u2019imballo originale.<br \/>\nPertanto, ai sensi dell\u2019art. 57 del Codice del Consumo, saranno a carico dell\u2019Acquirente consumatore le spese per la restituzione dei beni. Se il diritto di recesso \u00e8 esercitato conformemente alle disposizioni qui indicate, Manualit\u00e0. rimborser\u00e0 quanto versato dall\u2019Acquirente consumatore ad esclusione dei costi sostenuti da Manualit\u00e0. per la spedizione dei beni all\u2019Acquirente consumatore. Il rimborso avverr\u00e0 a mezzo bonifico entro 14 giorni dalla data in cui Manualit\u00e0. sar\u00e0 venuta a conoscenza delle coordinate bancarie dell&#8217;Acquirente consumatore o comunque delle modalit\u00e0 da esso indicate di restituzione dell\u2019importo dovuto, comunque successivamente alla ricezione del bene presso i propri magazzini e alla verifica dello stato di integrit\u00e0.<\/span><\/p>\n[\/vc_column_text][\/vc_column][\/vc_row]\n<\/section>","protected":false},"excerpt":{"rendered":"<p>[vc_row][vc_column][vc_column_text] Ai sensi dell\u2019art. 52 del Codice del Consumo, l\u2019Acquirente consumatore ha il diritto di recedere dal contratto concluso a distanza ovvero negoziato fuori dai locali commerciali, senza alcuna penalit\u00e0 e senza specificarne il motivo, entro il termine di 14 giorni lavorativi dal giorno della consegna. Per altro, ai sensi dell\u2019art. 59 del Codice del&hellip;<\/p>\n","protected":false},"author":1,"featured_media":0,"parent":0,"menu_order":0,"comment_status":"closed","ping_status":"closed","template":"","meta":{"footnotes":""},"class_list":["post-231","page","type-page","status-publish","hentry","entry","no-media"],"jetpack_sharing_enabled":true,"_links":{"self":[{"href":"https:\/\/manualita.sardegna.it\/ita\/wp-json\/wp\/v2\/pages\/231","targetHints":{"allow":["GET"]}}],"collection":[{"href":"https:\/\/manualita.sardegna.it\/ita\/wp-json\/wp\/v2\/pages"}],"about":[{"href":"https:\/\/manualita.sardegna.it\/ita\/wp-json\/wp\/v2\/types\/page"}],"author":[{"embeddable":true,"href":"https:\/\/manualita.sardegna.it\/ita\/wp-json\/wp\/v2\/users\/1"}],"replies":[{"embeddable":true,"href":"https:\/\/manualita.sardegna.it\/ita\/wp-json\/wp\/v2\/comments?post=231"}],"version-history":[{"count":2,"href":"https:\/\/manualita.sardegna.it\/ita\/wp-json\/wp\/v2\/pages\/231\/revisions"}],"predecessor-version":[{"id":634,"href":"https:\/\/manualita.sardegna.it\/ita\/wp-json\/wp\/v2\/pages\/231\/revisions\/634"}],"wp:attachment":[{"href":"https:\/\/manualita.sardegna.it\/ita\/wp-json\/wp\/v2\/media?parent=231"}],"curies":[{"name":"wp","href":"https:\/\/api.w.org\/{rel}","templated":true}]}}